{"id":1203,"date":"2020-01-19T16:13:02","date_gmt":"2020-01-19T20:13:02","guid":{"rendered":"http:\/\/gpcuchil.gob.ec\/azuay\/?page_id=1203"},"modified":"2021-07-30T09:55:09","modified_gmt":"2021-07-30T13:55:09","slug":"rendicion-de-cuentas-2020","status":"publish","type":"page","link":"https:\/\/gpcuchil.gob.ec\/azuay\/rendicion-de-cuentas-2020\/","title":{"rendered":"Rendici\u00f3n de Cuentas 2020"},"content":{"rendered":"<p style=\"text-align: center;\"><img loading=\"lazy\" decoding=\"async\" class=\"alignnone wp-image-1801\" src=\"https:\/\/gpcuchil.gob.ec\/azuay\/wp-content\/uploads\/2021\/05\/584e56c8fcdb77a45847253380e633fb-1-scaled.jpg\" alt=\"\" width=\"750\" height=\"422\" srcset=\"https:\/\/gpcuchil.gob.ec\/azuay\/wp-content\/uploads\/2021\/05\/584e56c8fcdb77a45847253380e633fb-1-scaled.jpg 2560w, https:\/\/gpcuchil.gob.ec\/azuay\/wp-content\/uploads\/2021\/05\/584e56c8fcdb77a45847253380e633fb-1-550x309.jpg 550w, https:\/\/gpcuchil.gob.ec\/azuay\/wp-content\/uploads\/2021\/05\/584e56c8fcdb77a45847253380e633fb-1-1024x576.jpg 1024w, https:\/\/gpcuchil.gob.ec\/azuay\/wp-content\/uploads\/2021\/05\/584e56c8fcdb77a45847253380e633fb-1-768x432.jpg 768w, https:\/\/gpcuchil.gob.ec\/azuay\/wp-content\/uploads\/2021\/05\/584e56c8fcdb77a45847253380e633fb-1-1536x864.jpg 1536w, https:\/\/gpcuchil.gob.ec\/azuay\/wp-content\/uploads\/2021\/05\/584e56c8fcdb77a45847253380e633fb-1-2048x1152.jpg 2048w\" sizes=\"auto, (max-width: 750px) 100vw, 750px\" \/><\/p>\n<p class=\"yiv7635644181MsoNormal\">Estamos iniciando el proceso de Rendici\u00f3n de Cuentas correspondiente al periodo fiscal 2020, siendo la primera fase a cumplir la \u201cConsulta Ciudadana\u201d, por esta raz\u00f3n hacemos una cordial invitaci\u00f3n para que a trav\u00e9s del link\u00a0<a href=\"https:\/\/drive.google.com\/drive\/folders\/1rX98-56X3girlFVKOfqRCnS_Ld5PDZuC?usp=sharing\" target=\"_blank\" rel=\"noopener noreferrer\">https:\/\/drive.google.com\/drive\/folders\/1rX98-56X3girlFVKOfqRCnS_Ld5PDZuC?usp=sharing<\/a><\/p>\n<p class=\"yiv7635644181MsoNormal\">Revise la informaci\u00f3n relacionada al PDOT, PLAN DE TRABAJO Y POA 2020.<\/p>\n<p class=\"yiv7635644181MsoNormal\">Luego llene el formulario en el siguiente enlace:\u00a0<a href=\"https:\/\/docs.google.com\/forms\/d\/e\/1FAIpQLSeCLtFA4fRhpuQY3qkAZCepz2jAJmrJOOOwsy29ZIYj5cdXCQ\/viewform?usp=sf_link\" target=\"_blank\" rel=\"nofollow noopener noreferrer\">https:\/\/docs.google.com\/forms\/d\/e\/1FAIpQLSeCLtFA4fRhpuQY3qkAZCepz2jAJmrJOOOwsy29ZIYj5cdXCQ\/viewform?usp=sf_link<\/a>\u00a0con sus preguntas e inquietudes, que ser\u00e1n muy importantes para la elaboraci\u00f3n del informe de Rendici\u00f3n de Cuentas 2020.<\/p>\n<p class=\"yiv7635644181MsoNormal\">Esta fase concluir\u00e1 el 19 de mayo del 2021.<\/p>\n<p><a href=\"https:\/\/gpcuchil.gob.ec\/azuay\/wp-content\/uploads\/2021\/07\/RENDICION-DE-CUENTAS-2020.pptx\">RENDICI\u00d3N DE CUENTAS 2020<\/a><\/p>\n<p><a href=\"https:\/\/gpcuchil.gob.ec\/azuay\/wp-content\/uploads\/2021\/07\/ACTA-ENTREGA-RECEPCION-DOCUMENTOS.pdf\">ACTA ENTREGA RECEPCION DOCUMENTOS<\/a><\/p>\n<p><a href=\"https:\/\/gpcuchil.gob.ec\/azuay\/wp-content\/uploads\/2021\/07\/ACTA-EQUIPO-MIXTO.pdf\">ACTA EQUIPO MIXTO<\/a><\/p>\n<p><a href=\"https:\/\/gpcuchil.gob.ec\/azuay\/wp-content\/uploads\/2021\/07\/CATALOGO-ELECTRONICO.pdf\">CATALOGO ELECTRONICO<\/a><\/p>\n<p><a href=\"https:\/\/gpcuchil.gob.ec\/azuay\/wp-content\/uploads\/2021\/07\/CERTIFICADO-CUMPLIMIENTO-TRIBUTARIO-JUAN-FERNANDO-LLANOS.pdf\">CERTIFICADO CUMPLIMIENTO TRIBUTARIO JUAN FERNANDO LLANOS<\/a><\/p>\n<p><a href=\"https:\/\/gpcuchil.gob.ec\/azuay\/wp-content\/uploads\/2021\/07\/CERTIFICADO-CUMPLIMIENTO-TRIBUTARIO-ROBERTO-PLACENCIA.pdf\">CERTIFICADO CUMPLIMIENTO TRIBUTARIO ROBERTO PLACENCIA<\/a><\/p>\n<p><a href=\"https:\/\/gpcuchil.gob.ec\/azuay\/wp-content\/uploads\/2021\/07\/Certificado_Cumplimiento_Tributario-GAD-PARROQUIAL.pdf\">Certificado_Cumplimiento_Tributario GAD PARROQUIAL<\/a><\/p>\n<p><a href=\"https:\/\/gpcuchil.gob.ec\/azuay\/wp-content\/uploads\/2021\/07\/CONVOCATORIA-ENTREGA-DOCUMENTACION.pdf\">CONVOCATORIA ENTREGA DOCUMENTACION<\/a><\/p>\n<p><a href=\"https:\/\/gpcuchil.gob.ec\/azuay\/wp-content\/uploads\/2021\/07\/OFICIO-DE-ENTREGA-DE-PREGUNTAS.pdf\">OFICIO DE ENTREGA DE PREGUNTAS<\/a><\/p>\n<p><a href=\"https:\/\/gpcuchil.gob.ec\/azuay\/wp-content\/uploads\/2021\/07\/OFICIO-INVITACION-PARA-CONFORMACION-EQUIPO-MIXTO.pdf\">OFICIO INVITACION PARA CONFORMACION EQUIPO MIXTO<\/a><\/p>\n<p><a href=\"https:\/\/gpcuchil.gob.ec\/azuay\/wp-content\/uploads\/2021\/07\/OFICIO-PARA-BENITO.pdf\">OFICIO PARA BENITO<\/a><\/p>\n<p><a href=\"https:\/\/gpcuchil.gob.ec\/azuay\/wp-content\/uploads\/2021\/07\/PREGUNTAS.pdf\">PREGUNTAS<\/a><\/p>\n<p><a href=\"https:\/\/gpcuchil.gob.ec\/azuay\/wp-content\/uploads\/2021\/07\/REGISTRO-ENTREGA-RECEPCION-OFICIOS.pdf\">REGISTRO ENTREGA RECEPCION OFICIOS<\/a><\/p>\n<p><a href=\"https:\/\/gpcuchil.gob.ec\/azuay\/wp-content\/uploads\/2021\/07\/REPORTE-SIGAD.pdf\">REPORTE SIGAD<\/a><\/p>\n<p><a href=\"https:\/\/gpcuchil.gob.ec\/azuay\/wp-content\/uploads\/2021\/07\/LEONARDO-SEBASTIAN-JIMENEZ-1.pdf\">LEONARDO SEBASTIAN JIMENEZ<\/a><\/p>\n<p><a href=\"https:\/\/gpcuchil.gob.ec\/azuay\/wp-content\/uploads\/2021\/07\/MANUEL-ISAIAS-COYAGO-1.pdf\">MANUEL ISAIAS COYAGO<\/a><\/p>\n<p><a href=\"https:\/\/gpcuchil.gob.ec\/azuay\/wp-content\/uploads\/2021\/07\/RUBEN-ELIAZAR-JIMENEZ-1.pdf\">RUBEN ELIAZAR JIM\u00c9NEZ<\/a><\/p>\n","protected":false},"excerpt":{"rendered":"<p>Estamos iniciando el proceso de Rendici\u00f3n de Cuentas correspondiente al periodo fiscal 2020, siendo la primera fase a cumplir la \u201cConsulta Ciudadana\u201d, por esta raz\u00f3n hacemos una cordial invitaci\u00f3n para que a trav\u00e9s del link\u00a0https:\/\/drive.google.com\/drive\/folders\/1rX98-56X3girlFVKOfqRCnS_Ld5PDZuC?usp=sharing Revise la informaci\u00f3n relacionada al PDOT, PLAN DE TRABAJO Y POA 2020. Luego llene el formulario en el siguiente enlace:\u00a0https:\/\/docs.google.com\/forms\/d\/e\/1FAIpQLSeCLtFA4fRhpuQY3qkAZCepz2jAJmrJOOOwsy29ZIYj5cdXCQ\/viewform?usp=sf_link\u00a0con [&hellip;]<\/p>\n","protected":false},"author":8,"featured_media":0,"parent":0,"menu_order":0,"comment_status":"closed","ping_status":"closed","template":"","meta":{"footnotes":""},"yst_prominent_words":[115,64,117,93,88,91,87,118,92,95,96,94,116,86],"class_list":["post-1203","page","type-page","status-publish","hentry"],"_links":{"self":[{"href":"https:\/\/gpcuchil.gob.ec\/azuay\/wp-json\/wp\/v2\/pages\/1203","targetHints":{"allow":["GET"]}}],"collection":[{"href":"https:\/\/gpcuchil.gob.ec\/azuay\/wp-json\/wp\/v2\/pages"}],"about":[{"href":"https:\/\/gpcuchil.gob.ec\/azuay\/wp-json\/wp\/v2\/types\/page"}],"author":[{"embeddable":true,"href":"https:\/\/gpcuchil.gob.ec\/azuay\/wp-json\/wp\/v2\/users\/8"}],"replies":[{"embeddable":true,"href":"https:\/\/gpcuchil.gob.ec\/azuay\/wp-json\/wp\/v2\/comments?post=1203"}],"version-history":[{"count":6,"href":"https:\/\/gpcuchil.gob.ec\/azuay\/wp-json\/wp\/v2\/pages\/1203\/revisions"}],"predecessor-version":[{"id":1896,"href":"https:\/\/gpcuchil.gob.ec\/azuay\/wp-json\/wp\/v2\/pages\/1203\/revisions\/1896"}],"wp:attachment":[{"href":"https:\/\/gpcuchil.gob.ec\/azuay\/wp-json\/wp\/v2\/media?parent=1203"}],"wp:term":[{"taxonomy":"yst_prominent_words","embeddable":true,"href":"https:\/\/gpcuchil.gob.ec\/azuay\/wp-json\/wp\/v2\/yst_prominent_words?post=1203"}],"curies":[{"name":"wp","href":"https:\/\/api.w.org\/{rel}","templated":true}]}}