{"id":315,"date":"2016-03-21T23:09:37","date_gmt":"2016-03-22T03:09:37","guid":{"rendered":"http:\/\/gpcuchil.gob.ec\/azuay\/?page_id=315"},"modified":"2017-06-17T00:21:07","modified_gmt":"2017-06-17T04:21:07","slug":"rendicion-de-cuentas-2016","status":"publish","type":"page","link":"https:\/\/gpcuchil.gob.ec\/azuay\/rendicion-de-cuentas-2016\/","title":{"rendered":"Rendici\u00f3n de Cuentas 2016"},"content":{"rendered":"<p>&nbsp;<\/p>\n\n\t\t<style type=\"text\/css\">\n\t\t\t#gallery-1 {\n\t\t\t\tmargin: auto;\n\t\t\t}\n\t\t\t#gallery-1 .gallery-item {\n\t\t\t\tfloat: left;\n\t\t\t\tmargin-top: 10px;\n\t\t\t\ttext-align: center;\n\t\t\t\twidth: 33%;\n\t\t\t}\n\t\t\t#gallery-1 img {\n\t\t\t\tborder: 2px solid #cfcfcf;\n\t\t\t}\n\t\t\t#gallery-1 .gallery-caption {\n\t\t\t\tmargin-left: 0;\n\t\t\t}\n\t\t\t\/* see gallery_shortcode() in wp-includes\/media.php *\/\n\t\t<\/style>\n\t\t<div data-carousel-extra='{\"blog_id\":1,\"permalink\":\"https:\\\/\\\/gpcuchil.gob.ec\\\/azuay\\\/rendicion-de-cuentas-2016\\\/\"}' id='gallery-1' class='gallery galleryid-315 gallery-columns-3 gallery-size-thumbnail'><dl class='gallery-item'>\n\t\t\t<dt class='gallery-icon landscape'>\n\t\t\t\t<a href='https:\/\/gpcuchil.gob.ec\/azuay\/wp-content\/uploads\/2016\/03\/IMG_4133.jpg'><img loading=\"lazy\" decoding=\"async\" data-attachment-id=\"632\" data-orig-file=\"https:\/\/gpcuchil.gob.ec\/azuay\/wp-content\/uploads\/2016\/03\/IMG_4133.jpg\" data-orig-size=\"700,525\" data-comments-opened=\"0\" data-image-meta=\"{&quot;aperture&quot;:&quot;0&quot;,&quot;credit&quot;:&quot;&quot;,&quot;camera&quot;:&quot;&quot;,&quot;caption&quot;:&quot;&quot;,&quot;created_timestamp&quot;:&quot;0&quot;,&quot;copyright&quot;:&quot;&quot;,&quot;focal_length&quot;:&quot;0&quot;,&quot;iso&quot;:&quot;0&quot;,&quot;shutter_speed&quot;:&quot;0&quot;,&quot;title&quot;:&quot;&quot;,&quot;orientation&quot;:&quot;0&quot;}\" data-image-title=\"IMG_4133\" data-image-description=\"\" data-medium-file=\"https:\/\/gpcuchil.gob.ec\/azuay\/wp-content\/uploads\/2016\/03\/IMG_4133-550x412.jpg\" data-large-file=\"https:\/\/gpcuchil.gob.ec\/azuay\/wp-content\/uploads\/2016\/03\/IMG_4133.jpg\" width=\"150\" height=\"150\" src=\"https:\/\/gpcuchil.gob.ec\/azuay\/wp-content\/uploads\/2016\/03\/IMG_4133-150x150.jpg\" class=\"attachment-thumbnail size-thumbnail\" alt=\"\" srcset=\"https:\/\/gpcuchil.gob.ec\/azuay\/wp-content\/uploads\/2016\/03\/IMG_4133-150x150.jpg 150w, https:\/\/gpcuchil.gob.ec\/azuay\/wp-content\/uploads\/2016\/03\/IMG_4133-180x180.jpg 180w\" sizes=\"auto, (max-width: 150px) 100vw, 150px\" \/><\/a>\n\t\t\t<\/dt><\/dl><dl class='gallery-item'>\n\t\t\t<dt class='gallery-icon landscape'>\n\t\t\t\t<a href='https:\/\/gpcuchil.gob.ec\/azuay\/wp-content\/uploads\/2016\/03\/IMG_4539.jpg'><img loading=\"lazy\" decoding=\"async\" data-attachment-id=\"633\" data-orig-file=\"https:\/\/gpcuchil.gob.ec\/azuay\/wp-content\/uploads\/2016\/03\/IMG_4539.jpg\" data-orig-size=\"700,525\" data-comments-opened=\"0\" data-image-meta=\"{&quot;aperture&quot;:&quot;0&quot;,&quot;credit&quot;:&quot;&quot;,&quot;camera&quot;:&quot;&quot;,&quot;caption&quot;:&quot;&quot;,&quot;created_timestamp&quot;:&quot;0&quot;,&quot;copyright&quot;:&quot;&quot;,&quot;focal_length&quot;:&quot;0&quot;,&quot;iso&quot;:&quot;0&quot;,&quot;shutter_speed&quot;:&quot;0&quot;,&quot;title&quot;:&quot;&quot;,&quot;orientation&quot;:&quot;0&quot;}\" data-image-title=\"IMG_4539\" data-image-description=\"\" data-medium-file=\"https:\/\/gpcuchil.gob.ec\/azuay\/wp-content\/uploads\/2016\/03\/IMG_4539-550x412.jpg\" data-large-file=\"https:\/\/gpcuchil.gob.ec\/azuay\/wp-content\/uploads\/2016\/03\/IMG_4539.jpg\" width=\"150\" height=\"150\" src=\"https:\/\/gpcuchil.gob.ec\/azuay\/wp-content\/uploads\/2016\/03\/IMG_4539-150x150.jpg\" class=\"attachment-thumbnail size-thumbnail\" alt=\"\" srcset=\"https:\/\/gpcuchil.gob.ec\/azuay\/wp-content\/uploads\/2016\/03\/IMG_4539-150x150.jpg 150w, https:\/\/gpcuchil.gob.ec\/azuay\/wp-content\/uploads\/2016\/03\/IMG_4539-180x180.jpg 180w\" sizes=\"auto, (max-width: 150px) 100vw, 150px\" \/><\/a>\n\t\t\t<\/dt><\/dl><dl class='gallery-item'>\n\t\t\t<dt class='gallery-icon landscape'>\n\t\t\t\t<a href='https:\/\/gpcuchil.gob.ec\/azuay\/wp-content\/uploads\/2016\/03\/IMG_4540.jpg'><img loading=\"lazy\" decoding=\"async\" data-attachment-id=\"634\" data-orig-file=\"https:\/\/gpcuchil.gob.ec\/azuay\/wp-content\/uploads\/2016\/03\/IMG_4540.jpg\" data-orig-size=\"700,525\" data-comments-opened=\"0\" data-image-meta=\"{&quot;aperture&quot;:&quot;0&quot;,&quot;credit&quot;:&quot;&quot;,&quot;camera&quot;:&quot;&quot;,&quot;caption&quot;:&quot;&quot;,&quot;created_timestamp&quot;:&quot;0&quot;,&quot;copyright&quot;:&quot;&quot;,&quot;focal_length&quot;:&quot;0&quot;,&quot;iso&quot;:&quot;0&quot;,&quot;shutter_speed&quot;:&quot;0&quot;,&quot;title&quot;:&quot;&quot;,&quot;orientation&quot;:&quot;0&quot;}\" data-image-title=\"IMG_4540\" data-image-description=\"\" data-medium-file=\"https:\/\/gpcuchil.gob.ec\/azuay\/wp-content\/uploads\/2016\/03\/IMG_4540-550x412.jpg\" data-large-file=\"https:\/\/gpcuchil.gob.ec\/azuay\/wp-content\/uploads\/2016\/03\/IMG_4540.jpg\" width=\"150\" height=\"150\" src=\"https:\/\/gpcuchil.gob.ec\/azuay\/wp-content\/uploads\/2016\/03\/IMG_4540-150x150.jpg\" class=\"attachment-thumbnail size-thumbnail\" alt=\"\" srcset=\"https:\/\/gpcuchil.gob.ec\/azuay\/wp-content\/uploads\/2016\/03\/IMG_4540-150x150.jpg 150w, https:\/\/gpcuchil.gob.ec\/azuay\/wp-content\/uploads\/2016\/03\/IMG_4540-180x180.jpg 180w\" sizes=\"auto, (max-width: 150px) 100vw, 150px\" \/><\/a>\n\t\t\t<\/dt><\/dl><br style=\"clear: both\" \/><dl class='gallery-item'>\n\t\t\t<dt class='gallery-icon landscape'>\n\t\t\t\t<a href='https:\/\/gpcuchil.gob.ec\/azuay\/wp-content\/uploads\/2016\/03\/IMG_4541.jpg'><img loading=\"lazy\" decoding=\"async\" data-attachment-id=\"635\" data-orig-file=\"https:\/\/gpcuchil.gob.ec\/azuay\/wp-content\/uploads\/2016\/03\/IMG_4541.jpg\" data-orig-size=\"700,525\" data-comments-opened=\"0\" data-image-meta=\"{&quot;aperture&quot;:&quot;0&quot;,&quot;credit&quot;:&quot;&quot;,&quot;camera&quot;:&quot;&quot;,&quot;caption&quot;:&quot;&quot;,&quot;created_timestamp&quot;:&quot;0&quot;,&quot;copyright&quot;:&quot;&quot;,&quot;focal_length&quot;:&quot;0&quot;,&quot;iso&quot;:&quot;0&quot;,&quot;shutter_speed&quot;:&quot;0&quot;,&quot;title&quot;:&quot;&quot;,&quot;orientation&quot;:&quot;0&quot;}\" data-image-title=\"IMG_4541\" data-image-description=\"\" data-medium-file=\"https:\/\/gpcuchil.gob.ec\/azuay\/wp-content\/uploads\/2016\/03\/IMG_4541-550x412.jpg\" data-large-file=\"https:\/\/gpcuchil.gob.ec\/azuay\/wp-content\/uploads\/2016\/03\/IMG_4541.jpg\" width=\"150\" height=\"150\" src=\"https:\/\/gpcuchil.gob.ec\/azuay\/wp-content\/uploads\/2016\/03\/IMG_4541-150x150.jpg\" class=\"attachment-thumbnail size-thumbnail\" alt=\"\" srcset=\"https:\/\/gpcuchil.gob.ec\/azuay\/wp-content\/uploads\/2016\/03\/IMG_4541-150x150.jpg 150w, https:\/\/gpcuchil.gob.ec\/azuay\/wp-content\/uploads\/2016\/03\/IMG_4541-180x180.jpg 180w\" sizes=\"auto, (max-width: 150px) 100vw, 150px\" \/><\/a>\n\t\t\t<\/dt><\/dl><dl class='gallery-item'>\n\t\t\t<dt class='gallery-icon portrait'>\n\t\t\t\t<a href='https:\/\/gpcuchil.gob.ec\/azuay\/wp-content\/uploads\/2016\/03\/IMG_4542-e1497545060812.jpg'><img loading=\"lazy\" decoding=\"async\" data-attachment-id=\"636\" data-orig-file=\"https:\/\/gpcuchil.gob.ec\/azuay\/wp-content\/uploads\/2016\/03\/IMG_4542-e1497545060812.jpg\" data-orig-size=\"525,700\" data-comments-opened=\"0\" data-image-meta=\"{&quot;aperture&quot;:&quot;0&quot;,&quot;credit&quot;:&quot;&quot;,&quot;camera&quot;:&quot;&quot;,&quot;caption&quot;:&quot;&quot;,&quot;created_timestamp&quot;:&quot;0&quot;,&quot;copyright&quot;:&quot;&quot;,&quot;focal_length&quot;:&quot;0&quot;,&quot;iso&quot;:&quot;0&quot;,&quot;shutter_speed&quot;:&quot;0&quot;,&quot;title&quot;:&quot;&quot;,&quot;orientation&quot;:&quot;0&quot;}\" data-image-title=\"IMG_4542\" data-image-description=\"\" data-medium-file=\"https:\/\/gpcuchil.gob.ec\/azuay\/wp-content\/uploads\/2016\/03\/IMG_4542-550x412.jpg\" data-large-file=\"https:\/\/gpcuchil.gob.ec\/azuay\/wp-content\/uploads\/2016\/03\/IMG_4542-e1497545060812.jpg\" width=\"150\" height=\"150\" src=\"https:\/\/gpcuchil.gob.ec\/azuay\/wp-content\/uploads\/2016\/03\/IMG_4542-e1497545060812-150x150.jpg\" class=\"attachment-thumbnail size-thumbnail\" alt=\"\" srcset=\"https:\/\/gpcuchil.gob.ec\/azuay\/wp-content\/uploads\/2016\/03\/IMG_4542-e1497545060812-150x150.jpg 150w, https:\/\/gpcuchil.gob.ec\/azuay\/wp-content\/uploads\/2016\/03\/IMG_4542-e1497545060812-180x180.jpg 180w\" sizes=\"auto, (max-width: 150px) 100vw, 150px\" \/><\/a>\n\t\t\t<\/dt><\/dl><dl class='gallery-item'>\n\t\t\t<dt class='gallery-icon portrait'>\n\t\t\t\t<a href='https:\/\/gpcuchil.gob.ec\/azuay\/wp-content\/uploads\/2016\/03\/IMG_4543-e1497545072198.jpg'><img loading=\"lazy\" decoding=\"async\" data-attachment-id=\"637\" data-orig-file=\"https:\/\/gpcuchil.gob.ec\/azuay\/wp-content\/uploads\/2016\/03\/IMG_4543-e1497545072198.jpg\" data-orig-size=\"525,700\" data-comments-opened=\"0\" data-image-meta=\"{&quot;aperture&quot;:&quot;0&quot;,&quot;credit&quot;:&quot;&quot;,&quot;camera&quot;:&quot;&quot;,&quot;caption&quot;:&quot;&quot;,&quot;created_timestamp&quot;:&quot;0&quot;,&quot;copyright&quot;:&quot;&quot;,&quot;focal_length&quot;:&quot;0&quot;,&quot;iso&quot;:&quot;0&quot;,&quot;shutter_speed&quot;:&quot;0&quot;,&quot;title&quot;:&quot;&quot;,&quot;orientation&quot;:&quot;0&quot;}\" data-image-title=\"IMG_4543\" data-image-description=\"\" data-medium-file=\"https:\/\/gpcuchil.gob.ec\/azuay\/wp-content\/uploads\/2016\/03\/IMG_4543-550x412.jpg\" data-large-file=\"https:\/\/gpcuchil.gob.ec\/azuay\/wp-content\/uploads\/2016\/03\/IMG_4543-e1497545072198.jpg\" width=\"150\" height=\"150\" src=\"https:\/\/gpcuchil.gob.ec\/azuay\/wp-content\/uploads\/2016\/03\/IMG_4543-e1497545072198-150x150.jpg\" class=\"attachment-thumbnail size-thumbnail\" alt=\"\" srcset=\"https:\/\/gpcuchil.gob.ec\/azuay\/wp-content\/uploads\/2016\/03\/IMG_4543-e1497545072198-150x150.jpg 150w, https:\/\/gpcuchil.gob.ec\/azuay\/wp-content\/uploads\/2016\/03\/IMG_4543-e1497545072198-180x180.jpg 180w\" sizes=\"auto, (max-width: 150px) 100vw, 150px\" \/><\/a>\n\t\t\t<\/dt><\/dl><br style=\"clear: both\" \/><dl class='gallery-item'>\n\t\t\t<dt class='gallery-icon landscape'>\n\t\t\t\t<a href='https:\/\/gpcuchil.gob.ec\/azuay\/wp-content\/uploads\/2016\/03\/IMG_4544.jpg'><img loading=\"lazy\" decoding=\"async\" data-attachment-id=\"638\" data-orig-file=\"https:\/\/gpcuchil.gob.ec\/azuay\/wp-content\/uploads\/2016\/03\/IMG_4544.jpg\" data-orig-size=\"700,525\" data-comments-opened=\"0\" data-image-meta=\"{&quot;aperture&quot;:&quot;0&quot;,&quot;credit&quot;:&quot;&quot;,&quot;camera&quot;:&quot;&quot;,&quot;caption&quot;:&quot;&quot;,&quot;created_timestamp&quot;:&quot;0&quot;,&quot;copyright&quot;:&quot;&quot;,&quot;focal_length&quot;:&quot;0&quot;,&quot;iso&quot;:&quot;0&quot;,&quot;shutter_speed&quot;:&quot;0&quot;,&quot;title&quot;:&quot;&quot;,&quot;orientation&quot;:&quot;0&quot;}\" data-image-title=\"IMG_4544\" data-image-description=\"\" data-medium-file=\"https:\/\/gpcuchil.gob.ec\/azuay\/wp-content\/uploads\/2016\/03\/IMG_4544-550x412.jpg\" data-large-file=\"https:\/\/gpcuchil.gob.ec\/azuay\/wp-content\/uploads\/2016\/03\/IMG_4544.jpg\" width=\"150\" height=\"150\" src=\"https:\/\/gpcuchil.gob.ec\/azuay\/wp-content\/uploads\/2016\/03\/IMG_4544-150x150.jpg\" class=\"attachment-thumbnail size-thumbnail\" alt=\"\" srcset=\"https:\/\/gpcuchil.gob.ec\/azuay\/wp-content\/uploads\/2016\/03\/IMG_4544-150x150.jpg 150w, https:\/\/gpcuchil.gob.ec\/azuay\/wp-content\/uploads\/2016\/03\/IMG_4544-180x180.jpg 180w\" sizes=\"auto, (max-width: 150px) 100vw, 150px\" \/><\/a>\n\t\t\t<\/dt><\/dl><dl class='gallery-item'>\n\t\t\t<dt class='gallery-icon portrait'>\n\t\t\t\t<a href='https:\/\/gpcuchil.gob.ec\/azuay\/wp-content\/uploads\/2016\/03\/IMG_4545-e1497545084653.jpg'><img loading=\"lazy\" decoding=\"async\" data-attachment-id=\"639\" data-orig-file=\"https:\/\/gpcuchil.gob.ec\/azuay\/wp-content\/uploads\/2016\/03\/IMG_4545-e1497545084653.jpg\" data-orig-size=\"525,700\" data-comments-opened=\"0\" data-image-meta=\"{&quot;aperture&quot;:&quot;0&quot;,&quot;credit&quot;:&quot;&quot;,&quot;camera&quot;:&quot;&quot;,&quot;caption&quot;:&quot;&quot;,&quot;created_timestamp&quot;:&quot;0&quot;,&quot;copyright&quot;:&quot;&quot;,&quot;focal_length&quot;:&quot;0&quot;,&quot;iso&quot;:&quot;0&quot;,&quot;shutter_speed&quot;:&quot;0&quot;,&quot;title&quot;:&quot;&quot;,&quot;orientation&quot;:&quot;0&quot;}\" data-image-title=\"IMG_4545\" data-image-description=\"\" data-medium-file=\"https:\/\/gpcuchil.gob.ec\/azuay\/wp-content\/uploads\/2016\/03\/IMG_4545-550x412.jpg\" data-large-file=\"https:\/\/gpcuchil.gob.ec\/azuay\/wp-content\/uploads\/2016\/03\/IMG_4545-e1497545084653.jpg\" width=\"150\" height=\"150\" src=\"https:\/\/gpcuchil.gob.ec\/azuay\/wp-content\/uploads\/2016\/03\/IMG_4545-e1497545084653-150x150.jpg\" class=\"attachment-thumbnail size-thumbnail\" alt=\"\" srcset=\"https:\/\/gpcuchil.gob.ec\/azuay\/wp-content\/uploads\/2016\/03\/IMG_4545-e1497545084653-150x150.jpg 150w, https:\/\/gpcuchil.gob.ec\/azuay\/wp-content\/uploads\/2016\/03\/IMG_4545-e1497545084653-180x180.jpg 180w\" sizes=\"auto, (max-width: 150px) 100vw, 150px\" \/><\/a>\n\t\t\t<\/dt><\/dl><dl class='gallery-item'>\n\t\t\t<dt class='gallery-icon landscape'>\n\t\t\t\t<a href='https:\/\/gpcuchil.gob.ec\/azuay\/wp-content\/uploads\/2016\/03\/IMG_41321.jpg'><img loading=\"lazy\" decoding=\"async\" data-attachment-id=\"641\" data-orig-file=\"https:\/\/gpcuchil.gob.ec\/azuay\/wp-content\/uploads\/2016\/03\/IMG_41321.jpg\" data-orig-size=\"700,525\" data-comments-opened=\"0\" data-image-meta=\"{&quot;aperture&quot;:&quot;0&quot;,&quot;credit&quot;:&quot;&quot;,&quot;camera&quot;:&quot;&quot;,&quot;caption&quot;:&quot;&quot;,&quot;created_timestamp&quot;:&quot;0&quot;,&quot;copyright&quot;:&quot;&quot;,&quot;focal_length&quot;:&quot;0&quot;,&quot;iso&quot;:&quot;0&quot;,&quot;shutter_speed&quot;:&quot;0&quot;,&quot;title&quot;:&quot;&quot;,&quot;orientation&quot;:&quot;0&quot;}\" data-image-title=\"IMG_4132\" data-image-description=\"\" data-medium-file=\"https:\/\/gpcuchil.gob.ec\/azuay\/wp-content\/uploads\/2016\/03\/IMG_41321-550x412.jpg\" data-large-file=\"https:\/\/gpcuchil.gob.ec\/azuay\/wp-content\/uploads\/2016\/03\/IMG_41321.jpg\" width=\"150\" height=\"150\" src=\"https:\/\/gpcuchil.gob.ec\/azuay\/wp-content\/uploads\/2016\/03\/IMG_41321-150x150.jpg\" class=\"attachment-thumbnail size-thumbnail\" alt=\"\" srcset=\"https:\/\/gpcuchil.gob.ec\/azuay\/wp-content\/uploads\/2016\/03\/IMG_41321-150x150.jpg 150w, https:\/\/gpcuchil.gob.ec\/azuay\/wp-content\/uploads\/2016\/03\/IMG_41321-180x180.jpg 180w\" sizes=\"auto, (max-width: 150px) 100vw, 150px\" \/><\/a>\n\t\t\t<\/dt><\/dl><br style=\"clear: both\" \/>\n\t\t<\/div>\n\n<p>&nbsp;<\/p>\n<p><a href=\"http:\/\/gpcuchil.gob.ec\/azuay\/wp-content\/uploads\/2016\/03\/INFORME-DE-RENDICION-DE-CUENTAS-20161.pdf\">INFORME DE RENDICION DE CUENTAS 2016<\/a><\/p>\n<p><a href=\"http:\/\/gpcuchil.gob.ec\/azuay\/wp-content\/uploads\/2016\/03\/Rendici\u00f3n-de-Cuentas-2016.pptx\">Rendici\u00f3n de Cuentas 2016<\/a><\/p>\n<p><a href=\"http:\/\/gpcuchil.gob.ec\/azuay\/wp-content\/uploads\/2016\/03\/Formulario-Rendici\u00f3n-Cuentas-GAD.xlsx\">Formulario-Rendici\u00f3n-Cuentas-GAD<\/a><\/p>\n<p>&nbsp;<\/p>\n<p><a href=\"http:\/\/gpcuchil.gob.ec\/azuay\/wp-content\/uploads\/2016\/03\/Oficios-de-Invitaci\u00f3n.pdf\">Oficios de Invitaci\u00f3n<\/a><\/p>\n<p><a href=\"http:\/\/gpcuchil.gob.ec\/azuay\/wp-content\/uploads\/2016\/03\/Plan-de-Trabajo-de-la-Rendici\u00f3n-de-Ctas.pdf\">Plan de Trabajo de la Rendici\u00f3n de Ctas<\/a><\/p>\n<p><a href=\"http:\/\/gpcuchil.gob.ec\/azuay\/wp-content\/uploads\/2016\/03\/Registro-de-Asistencia.pdf\">Registro de Asistencia<\/a> <a href=\"http:\/\/gpcuchil.gob.ec\/azuay\/wp-content\/uploads\/2016\/03\/Resoluci\u00f3n-de-Aprobaci\u00f3n.pdf\">Resoluci\u00f3n de Aprobaci\u00f3n<\/a><\/p>\n<p><a href=\"http:\/\/gpcuchil.gob.ec\/azuay\/wp-content\/uploads\/2016\/03\/Resoluci\u00f3n.pdf\">Resoluci\u00f3n<\/a> <a href=\"http:\/\/gpcuchil.gob.ec\/azuay\/wp-content\/uploads\/2016\/03\/Reunion-15-de-marzo-2017.pdf\">Reunion 15 de marzo 2017<\/a><\/p>\n<p><a href=\"http:\/\/gpcuchil.gob.ec\/azuay\/wp-content\/uploads\/2016\/03\/Reuni\u00f3n-30-de-marzo.pdf\">Reuni\u00f3n 30 de marzo<\/a><\/p>\n<p>&nbsp;<\/p>\n<p><a href=\"http:\/\/gpcuchil.gob.ec\/azuay\/wp-content\/uploads\/2016\/03\/Acta-de-Conformacion-de-Equipo-Mixto.pdf\">Acta de Conformacion de Equipo Mixto<\/a><\/p>\n<p><a href=\"http:\/\/gpcuchil.gob.ec\/azuay\/wp-content\/uploads\/2016\/03\/Formulario-de-compromisos.pdf\">Formulario de compromisos<\/a><\/p>\n<p><a href=\"http:\/\/gpcuchil.gob.ec\/azuay\/wp-content\/uploads\/2016\/03\/Mapeo-de-Actores-1.pdf\">Mapeo de Actores 1<\/a><\/p>\n<p><a href=\"http:\/\/gpcuchil.gob.ec\/azuay\/wp-content\/uploads\/2016\/03\/Mapeo-de-Actores.pdf\">Mapeo de Actores<\/a> <a href=\"http:\/\/gpcuchil.gob.ec\/azuay\/wp-content\/uploads\/2016\/03\/Matriz-de-Consulta-sobre-la-Rendici\u00f3n-de-Ctas.pdf\">Matriz de Consulta sobre la Rendici\u00f3n de Ctas<\/a><\/p>\n<p><a href=\"http:\/\/gpcuchil.gob.ec\/azuay\/wp-content\/uploads\/2016\/03\/Convocatoria.pdf\">Convocatoria<\/a><\/p>\n<p>&nbsp;<\/p>\n<p><a href=\"http:\/\/gpcuchil.gob.ec\/azuay\/wp-content\/uploads\/2016\/03\/INFORME-DE-RENDICION-DE-CUENTAS-2016.pdf\">INFORME DE RENDICION DE CUENTAS 2016<\/a><\/p>\n","protected":false},"excerpt":{"rendered":"<p>&nbsp; &nbsp; INFORME DE RENDICION DE CUENTAS 2016 Rendici\u00f3n de Cuentas 2016 Formulario-Rendici\u00f3n-Cuentas-GAD &nbsp; Oficios de Invitaci\u00f3n Plan de Trabajo de la Rendici\u00f3n de Ctas Registro de Asistencia Resoluci\u00f3n de Aprobaci\u00f3n Resoluci\u00f3n Reunion 15 de marzo 2017 Reuni\u00f3n 30 de marzo &nbsp; Acta de Conformacion de Equipo Mixto Formulario de compromisos Mapeo de Actores 1 [&hellip;]<\/p>\n","protected":false},"author":8,"featured_media":0,"parent":0,"menu_order":0,"comment_status":"closed","ping_status":"closed","template":"","meta":{"footnotes":""},"yst_prominent_words":[],"class_list":["post-315","page","type-page","status-publish","hentry"],"_links":{"self":[{"href":"https:\/\/gpcuchil.gob.ec\/azuay\/wp-json\/wp\/v2\/pages\/315","targetHints":{"allow":["GET"]}}],"collection":[{"href":"https:\/\/gpcuchil.gob.ec\/azuay\/wp-json\/wp\/v2\/pages"}],"about":[{"href":"https:\/\/gpcuchil.gob.ec\/azuay\/wp-json\/wp\/v2\/types\/page"}],"author":[{"embeddable":true,"href":"https:\/\/gpcuchil.gob.ec\/azuay\/wp-json\/wp\/v2\/users\/8"}],"replies":[{"embeddable":true,"href":"https:\/\/gpcuchil.gob.ec\/azuay\/wp-json\/wp\/v2\/comments?post=315"}],"version-history":[{"count":5,"href":"https:\/\/gpcuchil.gob.ec\/azuay\/wp-json\/wp\/v2\/pages\/315\/revisions"}],"predecessor-version":[{"id":642,"href":"https:\/\/gpcuchil.gob.ec\/azuay\/wp-json\/wp\/v2\/pages\/315\/revisions\/642"}],"wp:attachment":[{"href":"https:\/\/gpcuchil.gob.ec\/azuay\/wp-json\/wp\/v2\/media?parent=315"}],"wp:term":[{"taxonomy":"yst_prominent_words","embeddable":true,"href":"https:\/\/gpcuchil.gob.ec\/azuay\/wp-json\/wp\/v2\/yst_prominent_words?post=315"}],"curies":[{"name":"wp","href":"https:\/\/api.w.org\/{rel}","templated":true}]}}